{"id":181,"date":"2022-04-07T10:19:22","date_gmt":"2022-04-07T08:19:22","guid":{"rendered":"https:\/\/www.quinsol.de\/start\/"},"modified":"2025-08-15T13:14:28","modified_gmt":"2025-08-15T11:14:28","slug":"start","status":"publish","type":"page","link":"https:\/\/www.quinsol.de\/de\/","title":{"rendered":"Start"},"content":{"rendered":"<p>[et_pb_section fb_built=&#8220;1&#8243; _builder_version=&#8220;4.17.3&#8243; _module_preset=&#8220;default&#8220; background_color=&#8220;#007d8c&#8220; background_image=&#8220;https:\/\/www.quinsol.de\/wp-content\/uploads\/Home.jpg&#8220; background_blend=&#8220;multiply&#8220; global_colors_info=&#8220;{}&#8220;][et_pb_row _builder_version=&#8220;4.16&#8243; _module_preset=&#8220;default&#8220; global_colors_info=&#8220;{}&#8220;][et_pb_column type=&#8220;4_4&#8243; _builder_version=&#8220;4.16&#8243; _module_preset=&#8220;default&#8220; global_colors_info=&#8220;{}&#8220;][et_pb_text _builder_version=&#8220;4.27.4&#8243; _module_preset=&#8220;default&#8220; header_font=&#8220;Roboto-bold|||on|||||&#8220; header_text_color=&#8220;#41c8d8&#8243; header_font_size=&#8220;65pt&#8220; custom_padding=&#8220;||1px|||&#8220; hover_enabled=&#8220;0&#8243; header_font_tablet=&#8220;Roboto-bold|||on|||||&#8220; header_font_phone=&#8220;Roboto-bold|||on|||||&#8220; header_font_last_edited=&#8220;on|phone&#8220; header_font_size_tablet=&#8220;60pt&#8220; header_font_size_phone=&#8220;35pt&#8220; header_font_size_last_edited=&#8220;on|phone&#8220; global_colors_info=&#8220;{}&#8220; sticky_enabled=&#8220;0&#8243;]<\/p>\n<h1><span>INNOVATIVE UND ZUKUNFTSSICHERE BANKEN-IT<\/span><\/h1>\n<p>[\/et_pb_text][et_pb_text _builder_version=&#8220;4.27.4&#8243; _module_preset=&#8220;default&#8220; header_font=&#8220;Roboto-light|||on|||||&#8220; header_text_color=&#8220;#FFFFFF&#8220; header_font_size=&#8220;70pt&#8220; header_2_font=&#8220;Roboto-light||||||||&#8220; header_2_text_color=&#8220;#FFFFFF&#8220; header_2_font_size=&#8220;18pt&#8220; width=&#8220;70%&#8220; custom_margin=&#8220;0px||||false|false&#8220; custom_padding=&#8220;0px||||false|false&#8220; hover_enabled=&#8220;0&#8243; global_colors_info=&#8220;{}&#8220; sticky_enabled=&#8220;0&#8243;]<\/p>\n<h2><span>Seit mehr als 17 Jahren ist Quinsol ein verl\u00e4sslicher Partner f\u00fcr Banken und Finanzdienstleister \u2013 mit tiefgreifender Expertise in Marktdaten, Risikosystemen und elektronischen Handelssystemen.<\/span><\/h2>\n<p>[\/et_pb_text][\/et_pb_column][\/et_pb_row][\/et_pb_section][et_pb_section fb_built=&#8220;1&#8243; _builder_version=&#8220;4.16&#8243; _module_preset=&#8220;default&#8220; global_colors_info=&#8220;{}&#8220;][et_pb_row _builder_version=&#8220;4.16&#8243; _module_preset=&#8220;default&#8220; width=&#8220;100%&#8220; global_colors_info=&#8220;{}&#8220;][et_pb_column type=&#8220;4_4&#8243; _builder_version=&#8220;4.16&#8243; _module_preset=&#8220;default&#8220; global_colors_info=&#8220;{}&#8220;][et_pb_text _builder_version=&#8220;4.16&#8243; _module_preset=&#8220;default&#8220; header_2_font=&#8220;Roboto-regular|||on|||||&#8220; header_2_text_align=&#8220;center&#8220; header_2_text_color=&#8220;#00c1d8&#8243; header_2_font_size=&#8220;19pt&#8220; header_2_letter_spacing=&#8220;-1px&#8220; custom_margin=&#8220;||1px|||&#8220; custom_padding=&#8220;||9px|||&#8220; global_colors_info=&#8220;{}&#8220; body_font_size_phone=&#8220;15pt&#8220; body_font_size_last_edited=&#8220;on|phone&#8220; body_font_size_tablet=&#8220;18pt&#8220;]<\/p>\n<h2>Was Wir Machen<\/h2>\n<p>[\/et_pb_text][et_pb_slider show_pagination=&#8220;off&#8220; dot_nav_custom_color=&#8220;RGBA(255,255,255,0)&#8220; _builder_version=&#8220;4.27.4&#8243; _module_preset=&#8220;default&#8220; header_font=&#8220;Roboto-bold||||||||&#8220; header_text_color=&#8220;#161919&#8243; header_font_size=&#8220;35pt&#8220; body_text_color=&#8220;#161919&#8243; width=&#8220;100%&#8220; custom_padding=&#8220;17px||95px|||&#8220; animation_style=&#8220;fade&#8220; animation_direction=&#8220;right&#8220; auto=&#8220;on&#8220; auto_speed=&#8220;3000&#8243; hover_enabled=&#8220;0&#8243; custom_css_slide_description=&#8220;text-shadow:none;&#8220; global_colors_info=&#8220;{}&#8220; sticky_enabled=&#8220;0&#8243;][et_pb_slide heading=&#8220;BUSINESS DEVELOPMENT&#8220; image=&#8220;https:\/\/www.quinsol.de\/wp-content\/uploads\/business-development.jpg&#8220; use_text_overlay=&#8220;off&#8220; arrows_custom_color=&#8220;#41C8D8&#8243; dot_nav_custom_color=&#8220;#41C8D8&#8243; _builder_version=&#8220;4.17.3&#8243; _module_preset=&#8220;default&#8220; header_level=&#8220;h3&#8243; header_font=&#8220;Roboto-bold|||on|||||&#8220; header_text_color=&#8220;#161919&#8243; header_font_size=&#8220;40px&#8220; body_font=&#8220;Roboto-light||||||||&#8220; body_text_color=&#8220;#161919&#8243; body_font_size=&#8220;14pt&#8220; background_color=&#8220;#FFFFFF&#8220; background_enable_color=&#8220;on&#8220; custom_padding=&#8220;0px|0px||0px|false|false&#8220; body_font_size_tablet=&#8220;18pt&#8220; body_font_size_phone=&#8220;15pt&#8220; body_font_size_last_edited=&#8220;on|phone&#8220; custom_css_slide_title=&#8220;margin: 10px 0;||||||&#8220; box_shadow_style_image=&#8220;preset2&#8243; box_shadow_blur_image=&#8220;8px&#8220; box_shadow_color_image=&#8220;rgba(0,0,0,0.41)&#8220; global_colors_info=&#8220;{}&#8220; sticky_transition=&#8220;on&#8220;]<\/p>\n<p>Wir bieten Beratungsleistungen f\u00fcr Gr\u00fcndungen oder Firmen mit starken Wachstumspl\u00e4nen speziell im FINTECH Bereich an. Von der Produktgestaltung, Marktpositionierung und Entwicklung bis hin zu nachhaltigen und wertsch\u00f6pfenden Kundenbeziehungen und Erreichung von neuen M\u00e4rkten.<\/p>\n<p>[\/et_pb_slide][et_pb_slide heading=&#8220;IT CONSULTING&#8220; image=&#8220;https:\/\/www.quinsol.de\/wp-content\/uploads\/it-consulting.jpg&#8220; use_text_overlay=&#8220;off&#8220; arrows_custom_color=&#8220;#41C8D8&#8243; dot_nav_custom_color=&#8220;#41C8D8&#8243; _builder_version=&#8220;4.27.4&#8243; _module_preset=&#8220;default&#8220; header_level=&#8220;h3&#8243; header_font=&#8220;Roboto-bold|||on|||||&#8220; header_text_color=&#8220;#161919&#8243; header_font_size=&#8220;40px&#8220; body_font=&#8220;Roboto-light||||||||&#8220; body_text_color=&#8220;#161919&#8243; body_font_size=&#8220;14pt&#8220; background_color=&#8220;#FFFFFF&#8220; background_enable_color=&#8220;on&#8220; custom_padding=&#8220;0px|0px||0px|false|false&#8220; hover_enabled=&#8220;0&#8243; body_font_size_tablet=&#8220;18pt&#8220; body_font_size_phone=&#8220;15pt&#8220; body_font_size_last_edited=&#8220;on|phone&#8220; custom_css_slide_title=&#8220;margin: 10px 0;||||||&#8220; box_shadow_style_image=&#8220;preset2&#8243; box_shadow_blur_image=&#8220;8px&#8220; box_shadow_color_image=&#8220;rgba(0,0,0,0.41)&#8220; global_colors_info=&#8220;{}&#8220; sticky_transition=&#8220;on&#8220; sticky_enabled=&#8220;0&#8243;]<\/p>\n<p><span>Wir bieten spezialisierte IT- und Beratungsleistungen f\u00fcr Finanz- und Kapitalmarktunternehmen \u2013 von der Konzeption bis zum Go-Live.<\/span><br data-start=\"192\" data-end=\"195\" \/><span>Unser Fokus: Handelssysteme, Marktdatenl\u00f6sungen und digitale Plattformen.<\/span><br data-start=\"268\" data-end=\"271\" \/><span>Mit langj\u00e4hriger Erfahrung in regulierten Umfeldern (Banken, B\u00f6rsen) verbinden wir technologische Exzellenz mit tiefem Branchenverst\u00e4ndnis, um nachhaltige und skalierbare L\u00f6sungen zu entwickeln.<\/span><\/p>\n<p>[\/et_pb_slide][et_pb_slide heading=&#8220;SOFTWARE DEVELOPMENT&#8220; image=&#8220;https:\/\/www.quinsol.de\/wp-content\/uploads\/istockphoto-1206638576-2048&#215;2048-1.jpg&#8220; use_text_overlay=&#8220;off&#8220; arrows_custom_color=&#8220;#41C8D8&#8243; dot_nav_custom_color=&#8220;#41C8D8&#8243; _builder_version=&#8220;4.27.4&#8243; _module_preset=&#8220;default&#8220; header_level=&#8220;h3&#8243; header_font=&#8220;Roboto-bold|||on|||||&#8220; header_text_color=&#8220;#161919&#8243; header_font_size=&#8220;40px&#8220; body_font=&#8220;Roboto-light||||||||&#8220; body_text_color=&#8220;#161919&#8243; body_font_size=&#8220;14pt&#8220; background_color=&#8220;#FFFFFF&#8220; background_enable_color=&#8220;on&#8220; custom_padding=&#8220;0px|0px||0px|false|false&#8220; body_font_size_tablet=&#8220;18pt&#8220; body_font_size_phone=&#8220;15pt&#8220; body_font_size_last_edited=&#8220;on|phone&#8220; custom_css_slide_title=&#8220;margin: 10px 0 10px 0;||padding-top: 40px;||||&#8220; box_shadow_style_image=&#8220;preset2&#8243; box_shadow_blur_image=&#8220;8px&#8220; box_shadow_color_image=&#8220;rgba(0,0,0,0.41)&#8220; global_colors_info=&#8220;{}&#8220; sticky_transition=&#8220;on&#8220;]<\/p>\n<p>Bei Quinsol sind wir auf die Entwicklung standardisierter und ma\u00dfgeschneiderter Software f\u00fcr Enterprice-Software im Investmentbanking spezialisiert.<\/p>\n<p>[\/et_pb_slide][\/et_pb_slider][\/et_pb_column][\/et_pb_row][\/et_pb_section][et_pb_section fb_built=&#8220;1&#8243; _builder_version=&#8220;4.16&#8243; _module_preset=&#8220;default&#8220; background_image=&#8220;https:\/\/www.quinsol.de\/wp-content\/uploads\/worldmap_2.png&#8220; border_color_bottom=&#8220;#FFFFFF&#8220; global_colors_info=&#8220;{}&#8220;][et_pb_row _builder_version=&#8220;4.16&#8243; _module_preset=&#8220;default&#8220; width=&#8220;100%&#8220; global_colors_info=&#8220;{}&#8220;][et_pb_column type=&#8220;4_4&#8243; _builder_version=&#8220;4.16&#8243; _module_preset=&#8220;default&#8220; global_colors_info=&#8220;{}&#8220;][et_pb_text _builder_version=&#8220;4.16&#8243; _module_preset=&#8220;default&#8220; header_font=&#8220;Roboto-bold|||on|||||&#8220; header_text_color=&#8220;#FFFFFF&#8220; header_font_size=&#8220;50pt&#8220; header_2_font=&#8220;Roboto-regular|||on|||||&#8220; header_2_text_align=&#8220;center&#8220; header_2_text_color=&#8220;#00c1d8&#8243; header_2_font_size=&#8220;19pt&#8220; header_2_letter_spacing=&#8220;-1px&#8220; custom_margin=&#8220;||1px|||&#8220; custom_padding=&#8220;||9px|||&#8220; header_font_size_tablet=&#8220;50pt&#8220; header_font_size_phone=&#8220;39pt&#8220; header_font_size_last_edited=&#8220;on|phone&#8220; global_colors_info=&#8220;{}&#8220; body_font_size_phone=&#8220;15pt&#8220; body_font_size_last_edited=&#8220;on|phone&#8220; body_font_size_tablet=&#8220;15pt&#8220;]<\/p>\n<h2>WAS SPRICHT F\u00dcR UNS<\/h2>\n<p>[\/et_pb_text][et_pb_slider _builder_version=&#8220;4.27.4&#8243; _module_preset=&#8220;default&#8220; header_font=&#8220;Roboto-bold||||||||&#8220; header_text_color=&#8220;#FFFFFF&#8220; header_font_size=&#8220;35pt&#8220; body_text_color=&#8220;#FFFFFF&#8220; body_line_height=&#8220;1.3em&#8220; background_color=&#8220;RGBA(255,255,255,0)&#8220; custom_button=&#8220;on&#8220; button_text_color=&#8220;#41C8D8&#8243; button_border_color=&#8220;#41C8D8&#8243; button_border_radius=&#8220;0px&#8220; button_use_icon=&#8220;off&#8220; button_custom_padding=&#8220;2px||2px||false|false&#8220; width=&#8220;100%&#8220; custom_padding=&#8220;17px||95px|||&#8220; animation_style=&#8220;slide&#8220; animation_direction=&#8220;right&#8220; hover_enabled=&#8220;0&#8243; header_font_size_tablet=&#8220;35pt&#8220; header_font_size_phone=&#8220;&#8220; header_font_size_last_edited=&#8220;on|phone&#8220; custom_css_slide_description=&#8220;text-shadow:none;&#8220; custom_css_slide_title=&#8220;margin-bottom:0;&#8220; global_colors_info=&#8220;{}&#8220; button_border_width__hover_enabled=&#8220;on|desktop&#8220; button_bg_color__hover_enabled=&#8220;on|hover&#8220; button_bg_color__hover=&#8220;#41C8D8&#8243; button_bg_enable_color__hover=&#8220;on&#8220; body_text_color__hover_enabled=&#8220;on|desktop&#8220; body_text_color__hover=&#8220;#FFFFFF&#8220; button_text_color__hover_enabled=&#8220;on|hover&#8220; button_text_color__hover=&#8220;#FFFFFF&#8220; sticky_enabled=&#8220;0&#8243;][et_pb_slide heading=&#8220;NACHHALTIGKEIT&#8220; use_text_overlay=&#8220;off&#8220; arrows_custom_color=&#8220;#41C8D8&#8243; dot_nav_custom_color=&#8220;#41C8D8&#8243; _builder_version=&#8220;4.27.4&#8243; _module_preset=&#8220;default&#8220; header_level=&#8220;h3&#8243; header_font=&#8220;Roboto-bold|||on|||||&#8220; header_text_color=&#8220;#FFFFFF&#8220; header_font_size=&#8220;50pt&#8220; body_font=&#8220;Roboto-light||||||||&#8220; body_text_color=&#8220;#FFFFFF&#8220; body_font_size=&#8220;16pt&#8220; background_enable_color=&#8220;off&#8220; custom_padding=&#8220;0px|0px||0px|false|false&#8220; hover_enabled=&#8220;0&#8243; header_font_size_tablet=&#8220;50pt&#8220; header_font_size_phone=&#8220;39pt&#8220; header_font_size_last_edited=&#8220;on|phone&#8220; body_font_size_tablet=&#8220;15pt&#8220; body_font_size_phone=&#8220;15pt&#8220; body_font_size_last_edited=&#8220;on|phone&#8220; custom_css_slide_title=&#8220;margin-bottom: 40px;||||&#8220; box_shadow_style_image=&#8220;preset2&#8243; box_shadow_color_image=&#8220;#000000&#8243; global_colors_info=&#8220;{}&#8220; sticky_transition=&#8220;on&#8220; sticky_enabled=&#8220;0&#8243;]<\/p>\n<h2><strong data-start=\"160\" data-end=\"223\">Aufbau nachhaltiger Gesch\u00e4ftsbereiche im Bereich Banking-IT<\/strong><\/h2>\n<p><span>Mit \u00fcber 25 Jahren Erfahrung im Aufbau und der Weiterentwicklung von Standardsoftware, im Produktdesign sowie in der Softwareentwicklung begleiten wir Unternehmen bei der nachhaltigen Kundenentwicklung auf vier Kontinenten. Unser Fokus liegt auf Beratung und Umsetzung von Softwareprojekten im Bereich Investmentbanking \u2013 von Marktdaten- und Handelssystemen bis hin zu innovativen, regulatorisch konformen L\u00f6sungen.<\/span><\/p>\n<p>&nbsp;<\/p>\n<p>&nbsp;<\/p>\n<p>[\/et_pb_slide][et_pb_slide heading=&#8220;Ambitionierte Projekte&#8220; use_text_overlay=&#8220;off&#8220; arrows_custom_color=&#8220;#41C8D8&#8243; dot_nav_custom_color=&#8220;#41C8D8&#8243; _builder_version=&#8220;4.17.4&#8243; _module_preset=&#8220;default&#8220; header_level=&#8220;h3&#8243; header_font=&#8220;Roboto-bold|||on|||||&#8220; header_text_color=&#8220;#FFFFFF&#8220; header_font_size=&#8220;50pt&#8220; body_font=&#8220;Roboto-light||||||||&#8220; body_text_color=&#8220;#FFFFFF&#8220; body_font_size=&#8220;16pt&#8220; background_enable_color=&#8220;off&#8220; custom_padding=&#8220;0px|0px||0px|false|false&#8220; header_font_size_tablet=&#8220;50pt&#8220; header_font_size_phone=&#8220;39pt&#8220; header_font_size_last_edited=&#8220;on|phone&#8220; body_font_size_tablet=&#8220;15pt&#8220; body_font_size_phone=&#8220;15pt&#8220; body_font_size_last_edited=&#8220;on|phone&#8220; custom_css_slide_title=&#8220;margin-bottom: 40px;||||&#8220; box_shadow_style_image=&#8220;preset2&#8243; box_shadow_color_image=&#8220;#000000&#8243; global_colors_info=&#8220;{}&#8220; sticky_transition=&#8220;on&#8220;]<\/p>\n<h2>MODERNE L\u00d6SUNGEN<\/h2>\n<p>Wir bieten Beratungsleistungen f\u00fcr Gr\u00fcndungen oder Firmen mit starken Wachstumspl\u00e4nen speziell im FINTECH Bereich an. Von der Produktgestaltung, Marktpositionierung und Entwicklung bis hin zu nachhaltigen und wertsch\u00f6pfenden Kundenbeziehungen und Erreichung von neuen M\u00e4rkten.<\/p>\n<p>[\/et_pb_slide][\/et_pb_slider][\/et_pb_column][\/et_pb_row][\/et_pb_section]<\/p>\n","protected":false},"excerpt":{"rendered":"<p>INNOVATIVE UND ZUKUNFTSSICHERE BANKEN-ITSeit mehr als 17 Jahren ist Quinsol ein verl\u00e4sslicher Partner f\u00fcr Banken und Finanzdienstleister \u2013 mit tiefgreifender Expertise in Marktdaten, Risikosystemen und elektronischen Handelssystemen.Was Wir MachenWir bieten Beratungsleistungen f\u00fcr Gr\u00fcndungen oder Firmen mit starken Wachstumspl\u00e4nen speziell im FINTECH Bereich an. Von der Produktgestaltung, Marktpositionierung und Entwicklung bis hin zu nachhaltigen und wertsch\u00f6pfenden [&hellip;]<\/p>\n","protected":false},"author":1,"featured_media":0,"parent":0,"menu_order":0,"comment_status":"closed","ping_status":"closed","template":"","meta":{"_et_pb_use_builder":"on","_et_pb_old_content":"","_et_gb_content_width":"","footnotes":""},"class_list":["post-181","page","type-page","status-publish","hentry"],"_links":{"self":[{"href":"https:\/\/www.quinsol.de\/de\/wp-json\/wp\/v2\/pages\/181","targetHints":{"allow":["GET"]}}],"collection":[{"href":"https:\/\/www.quinsol.de\/de\/wp-json\/wp\/v2\/pages"}],"about":[{"href":"https:\/\/www.quinsol.de\/de\/wp-json\/wp\/v2\/types\/page"}],"author":[{"embeddable":true,"href":"https:\/\/www.quinsol.de\/de\/wp-json\/wp\/v2\/users\/1"}],"replies":[{"embeddable":true,"href":"https:\/\/www.quinsol.de\/de\/wp-json\/wp\/v2\/comments?post=181"}],"version-history":[{"count":19,"href":"https:\/\/www.quinsol.de\/de\/wp-json\/wp\/v2\/pages\/181\/revisions"}],"predecessor-version":[{"id":355,"href":"https:\/\/www.quinsol.de\/de\/wp-json\/wp\/v2\/pages\/181\/revisions\/355"}],"wp:attachment":[{"href":"https:\/\/www.quinsol.de\/de\/wp-json\/wp\/v2\/media?parent=181"}],"curies":[{"name":"wp","href":"https:\/\/api.w.org\/{rel}","templated":true}]}}