{"id":195,"date":"2022-04-07T12:29:43","date_gmt":"2022-04-07T10:29:43","guid":{"rendered":"https:\/\/www.quinsol.de\/impressum\/"},"modified":"2025-08-15T12:48:44","modified_gmt":"2025-08-15T10:48:44","slug":"impressum","status":"publish","type":"page","link":"https:\/\/www.quinsol.de\/de\/impressum\/","title":{"rendered":"Impressum"},"content":{"rendered":"<p>[et_pb_section fb_built=&#8220;1&#8243; _builder_version=&#8220;4.16&#8243; _module_preset=&#8220;default&#8220; background_color=&#8220;#007d8c&#8220; global_colors_info=&#8220;{}&#8220;][et_pb_row _builder_version=&#8220;4.16&#8243; _module_preset=&#8220;default&#8220; global_colors_info=&#8220;{}&#8220; custom_padding=&#8220;||0px|||&#8220;][et_pb_column type=&#8220;4_4&#8243; _builder_version=&#8220;4.16&#8243; _module_preset=&#8220;default&#8220; global_colors_info=&#8220;{}&#8220;][et_pb_text _builder_version=&#8220;4.27.4&#8243; _module_preset=&#8220;default&#8220; text_text_color=&#8220;#000000&#8243; text_font_size=&#8220;15pt&#8220; text_line_height=&#8220;1.3em&#8220; header_text_color=&#8220;#41C8D8&#8243; header_line_height=&#8220;2.3em&#8220; header_2_font=&#8220;Roboto-bold||||||||&#8220; header_2_font_size=&#8220;40pt&#8220; header_2_line_height=&#8220;2em&#8220; header_3_font=&#8220;Roboto-bold||||||||&#8220; header_3_text_color=&#8220;#FFFFFF&#8220; header_3_font_size=&#8220;20pt&#8220; text_orientation=&#8220;center&#8220; hover_enabled=&#8220;0&#8243; global_colors_info=&#8220;{}&#8220; sticky_enabled=&#8220;0&#8243;]<\/p>\n<h1>IMPRESSUM<\/h1>\n<h2>QUINSOL Consulting GmbH<\/h2>\n<p>Breiter Weg 232A<br \/>39104 Magdeburg<\/p>\n<h3>KONTAKT<\/h3>\n<p>Telefon: +49 391 <span>63159020<\/span><br \/>E-Mail: info[at]quinsol.de<br \/>www.quinsol.de<\/p>\n<p><strong>Gesch\u00e4ftsf\u00fchrer<\/strong><br \/>Andreas Dick<\/p>\n<p><strong>Prokurist<\/strong><br \/>Ralf Henke<\/p>\n<p>Registergericht: Amtsgericht Stendal<br \/>Handelsregister: HRB 9275<br \/>UST-ID: DE255827537<\/p>\n<h2>DISCLAIMER<\/h2>\n<h3>(1) Haftungsbeschr\u00e4nkung<\/h3>\n<p style=\"text-align: left;\"><strong>Inhalte dieser Website<\/strong><br \/>Die Inhalte dieser Website werden mit gr\u00f6\u00dftm\u00f6glicher Sorgfalt erstellt. Der Anbieter \u00fcbernimmt keinerlei Gew\u00e4hr und Zusicherungen hinsichtlich der Richtigkeit, Vollst\u00e4ndigkeit und Aktualit\u00e4t der bereitgestellten Inhalte. Die Nutzung der abrufbaren Inhalte erfolgt auf eigene Gefahr des Nutzers. Namentlich gekennzeichnete Beitr\u00e4ge geben die Meinung des jeweiligen Autors und nicht immer die Meinung des Anbieters wieder.<\/p>\n<p style=\"text-align: left;\"><strong>Verf\u00fcgbarkeit der Website<\/strong><br \/>Der Anbieter bem\u00fcht sich um eine m\u00f6glichst unterbrechungsfreie Verf\u00fcgbarkeit des Dienstes. Auch bei gr\u00f6\u00dfter Sorgfalt sind jedoch Ausfallzeiten nicht vollst\u00e4ndig vermeidbar. Der Anbieter beh\u00e4lt sich das Recht vor, den Dienst jederzeit zu \u00e4ndern oder auch einzustellen.<\/p>\n<p style=\"text-align: left;\"><strong>Links zu anderen Websites<\/strong><br \/>Diese Website kann externe Links zu anderen Websites im Internet enthalten, die Dritten geh\u00f6ren und von Dritten betrieben werden. Diese Dritten haften f\u00fcr die Inhalte ihrer Websites. Der Anbieter hat bei der erstmaligen Verkn\u00fcpfung der externen Links die fremden Inhalte daraufhin \u00fcberpr\u00fcft, ob etwaige Rechtsverst\u00f6\u00dfe bestehen. Zu dem Zeitpunkt waren keine Rechtsverst\u00f6\u00dfe ersichtlich. Der Anbieter ist nicht verantwortlich f\u00fcr die aktuelle und zuk\u00fcnftige Gestaltung und Inhalte dieser Websites Dritter. Die Einbeziehung solcher externer Links impliziert keine Zugeh\u00f6rigkeit, Billigung oder \u00dcbernahme einer verlinkten Website oder darin enthaltenen Informationen durch den Anbieter. Eine kontinuierliche \u00dcberpr\u00fcfung solcher Websites ist ohne konkrete Anhaltspunkte f\u00fcr Rechtsverletzungen nicht machbar. Bei Kenntnis von Rechtsverletzungen wird der Anbieter derartige externe Links umgehend entfernen.<\/p>\n<p style=\"text-align: left;\"><strong>Werbung<\/strong><br \/>Jeder Autor \u00fcbernimmt die Verantwortung f\u00fcr den Inhalt von Anzeigen sowie f\u00fcr die beworbene Website.<br \/>Der Anbieter hat die Darstellung der Werbeanzeige nicht \u00fcberpr\u00fcft.<\/p>\n<p style=\"text-align: left;\"><strong>Vertragsverh\u00e4ltnis<\/strong><br \/>Nichts auf dieser Website ist als Angebot zum Abschluss eines Vertragsverh\u00e4ltnisses zwischen dem Nutzer und dem Anbieter zu verstehen. Es bestehen daher keinerlei vertragliche oder vertrags\u00e4hnliche Anspr\u00fcche gegen den Anbieter.<\/p>\n<h3>(2) Copyright<\/h3>\n<p style=\"text-align: left;\">Die auf dieser Website ver\u00f6ffentlichten Inhalte und Werke unterliegen dem deutschen Urheberrecht. Jede vom deutschen Urheberrecht nicht zugelassene Verwertung bedarf der vorherigen schriftlichen Zustimmung des Anbieters oder jeweiligen Rechteinhabers.<br \/>Dies gilt insbesondere f\u00fcr Vervielf\u00e4ltigung, Bearbeitung, \u00dcbersetzung, Einspeicherung, Verarbeitung bzw. Wiedergabe von Inhalten in Datenbanken oder anderen elektronischen Medien und Systemen. Inhalte und Rechte Dritter sind dabei als solche gekennzeichnet. Die unerlaubte Vervielf\u00e4ltigung oder Weitergabe einzelner Inhalte oder kompletter Seiten ist nicht gestattet und strafbar. Lediglich die Herstellung von Kopien und Downloads f\u00fcr den pers\u00f6nlichen, privaten und nicht kommerziellen Gebrauch ist erlaubt.<br \/>Der Anbieter dieser Website besitzt das Urheberrecht an folgenden Bildern erstellt von:<br \/>\u2013 Homepage: iStockphoto LP (http:\/\/www.istockphoto.com)<br \/>herausgegeben von Christian Meyer<br \/>\u2013 Mitarbeiter von Quinsol: Daniela Laske (http:\/\/www.daniela-laske.com)<br \/>\u2013 Personal: Stefan Berger<br \/>\u2013 AIESEC: AIESEC (www.aiesec.org)<br \/>Diese Website verwendet auch Bilder, die unter anderem folgenden Quellen geh\u00f6ren:<br \/>\u2013 RoboCup: Lukas Hoyer, Daniel Busse (http:\/\/dalu.bplaced.net)<br \/>\u2013 Fintech Award: Fintech Innovation Awards 2015 (http:\/\/www.fintechinnovationawards.com)<br \/>\u2013 Karten-Plugin: http:\/\/www.amcharts.com\/javascript-maps\/<br \/>\u2013 Modales Plugin: Ben Marshall http:\/\/jquery.com\/<br \/>Links zu dieser Website sind jederzeit willkommen und bed\u00fcrfen keiner Zustimmung durch den Anbieter der Website. Die Darstellung dieser Website in fremden Frames ist nur mit Erlaubnis zul\u00e4ssig<\/p>\n<h3>(3) Anwendbares Recht<\/h3>\n<p style=\"text-align: left;\">Jegliche Nutzung der Website unterliegt den anwendbaren Gesetzen der Bundesrepublik Deutschland.<\/p>\n<h3>(4) Besondere Nutzungsbedingungen<\/h3>\n<p style=\"text-align: left;\">Soweit besondere Bedingungen f\u00fcr einzelne Nutzungen dieser Website von den vorgenannten Punkten (1) bis (4) abweichen, wird an entsprechender Stelle ausdr\u00fccklich darauf hingewiesen. In diesem Fall gelten die besonderen Nutzungsbedingungen des Einzelfalls.<\/p>\n<p>[\/et_pb_text][\/et_pb_column][\/et_pb_row][\/et_pb_section]<\/p>\n","protected":false},"excerpt":{"rendered":"<p>IMPRESSUM QUINSOL Consulting GmbH Breiter Weg 232A39104 Magdeburg KONTAKT Telefon: +49 391 63159020E-Mail: info[at]quinsol.dewww.quinsol.de Gesch\u00e4ftsf\u00fchrerAndreas Dick ProkuristRalf Henke Registergericht: Amtsgericht StendalHandelsregister: HRB 9275UST-ID: DE255827537 DISCLAIMER (1) Haftungsbeschr\u00e4nkung Inhalte dieser WebsiteDie Inhalte dieser Website werden mit gr\u00f6\u00dftm\u00f6glicher Sorgfalt erstellt. Der Anbieter \u00fcbernimmt keinerlei Gew\u00e4hr und Zusicherungen hinsichtlich der Richtigkeit, Vollst\u00e4ndigkeit und Aktualit\u00e4t der bereitgestellten Inhalte. Die [&hellip;]<\/p>\n","protected":false},"author":1,"featured_media":0,"parent":0,"menu_order":0,"comment_status":"closed","ping_status":"closed","template":"","meta":{"_et_pb_use_builder":"on","_et_pb_old_content":"","_et_gb_content_width":"","footnotes":""},"class_list":["post-195","page","type-page","status-publish","hentry"],"_links":{"self":[{"href":"https:\/\/www.quinsol.de\/de\/wp-json\/wp\/v2\/pages\/195","targetHints":{"allow":["GET"]}}],"collection":[{"href":"https:\/\/www.quinsol.de\/de\/wp-json\/wp\/v2\/pages"}],"about":[{"href":"https:\/\/www.quinsol.de\/de\/wp-json\/wp\/v2\/types\/page"}],"author":[{"embeddable":true,"href":"https:\/\/www.quinsol.de\/de\/wp-json\/wp\/v2\/users\/1"}],"replies":[{"embeddable":true,"href":"https:\/\/www.quinsol.de\/de\/wp-json\/wp\/v2\/comments?post=195"}],"version-history":[{"count":11,"href":"https:\/\/www.quinsol.de\/de\/wp-json\/wp\/v2\/pages\/195\/revisions"}],"predecessor-version":[{"id":345,"href":"https:\/\/www.quinsol.de\/de\/wp-json\/wp\/v2\/pages\/195\/revisions\/345"}],"wp:attachment":[{"href":"https:\/\/www.quinsol.de\/de\/wp-json\/wp\/v2\/media?parent=195"}],"curies":[{"name":"wp","href":"https:\/\/api.w.org\/{rel}","templated":true}]}}